{"id":582,"date":"2025-04-14T20:07:54","date_gmt":"2025-04-14T20:07:54","guid":{"rendered":"https:\/\/carmalux.com\/?page_id=582"},"modified":"2025-04-15T19:13:45","modified_gmt":"2025-04-15T19:13:45","slug":"imprint","status":"publish","type":"page","link":"https:\/\/carmalux.com\/en\/imprint\/","title":{"rendered":"Imprint"},"content":{"rendered":"<p>An imprint related to the Carma Lux company.<\/p>\n\n\n\n<p><strong>Full legal name of the company:<\/strong><br><a href=\"https:\/\/carmalux.com\/en\/\">Dru\u0161tvo sa ograni\u010denom odgovorno\u0161\u0107u CARMA LUX d.o.o.<\/a><\/p>\n\n\n\n<p><strong>Company headquarters address:<\/strong><br>Kneza Domagoja 26,<br>20000 Dubrovnik,<br>Croatia<\/p>\n\n\n\n<p><strong>Date of establishment:<\/strong><br>29.12.2022.<\/p>\n\n\n\n<p><strong>Contact information:<\/strong><br>\u2709\ufe0f E-mail: <a href=\"mailto:info@carmalux.com\">info@carmalux.com<\/a><br>\ud83d\udce7 Alternative contact: <a href=\"mailto:karolina.majstorovic19@gmail.com\">karolina.majstorovic19@gmail.com<\/a><br>\ud83d\udcde Phone: <a href=\"tel:+385958638980\">+385 95 863 8980<\/a><\/p>\n\n\n\n<p><strong>Authorized representative and person responsible for the content of the website:<\/strong><br><a href=\"https:\/\/www.instagram.com\/karolina_1901\/?hl=en\">Karolina Majstorovi\u0107<\/a><\/p>\n\n\n\n<p><strong>OIB:<\/strong> 21405168086<br><strong>MBS:<\/strong> 090043407<br><strong>NKD:<\/strong> H49330 \u2013 Service activities of passenger transport by vehicle with a driver on request<br><strong>Registration body:<\/strong> Commercial court in Dubrovnik<\/p>","protected":false},"excerpt":{"rendered":"<p>Imprint vezan za Carma Lux kompaniju. Puno pravno ime firme:Dru\u0161tvo sa ograni\u010denom odgovorno\u0161\u0107u CARMA LUX d.o.o. Adresa sjedi\u0161ta firme:Kneza Domagoja 26,20000 Dubrovnik,Hrvatska Datum osnivanja:29.12.2022. Kontakt informacije:\u2709\ufe0f Email: info@carmalux.com\ud83d\udce7 Alternativni kontakt:&#8230;<\/p>","protected":false},"author":1,"featured_media":605,"parent":0,"menu_order":0,"comment_status":"closed","ping_status":"closed","template":"","meta":{"footnotes":""},"class_list":["post-582","page","type-page","status-publish","has-post-thumbnail"],"yoast_head":"<!-- This site is optimized with the Yoast SEO plugin v27.5 - https:\/\/yoast.com\/product\/yoast-seo-wordpress\/ -->\n<title>Imprint - Carma Lux d.o.o. - Sektor luksuznih nekretnina i investicija<\/title>\n<meta name=\"description\" content=\"Imprint vezan za Carma Lux kompaniju. Carma Lux je stru\u010dni tim sa vi\u0161egodi\u0161njim iskustvom u sektoru luksuznih nekretnina-\" \/>\n<meta name=\"robots\" content=\"index, follow, max-snippet:-1, max-image-preview:large, max-video-preview:-1\" \/>\n<link rel=\"canonical\" href=\"https:\/\/carmalux.com\/en\/imprint\/\" \/>\n<meta property=\"og:locale\" content=\"en_US\" \/>\n<meta property=\"og:type\" content=\"article\" \/>\n<meta property=\"og:title\" content=\"Imprint - Carma Lux d.o.o. - Sektor luksuznih nekretnina i investicija\" \/>\n<meta property=\"og:description\" content=\"Imprint vezan za Carma Lux kompaniju. Carma Lux je stru\u010dni tim sa vi\u0161egodi\u0161njim iskustvom u sektoru luksuznih nekretnina-\" \/>\n<meta property=\"og:url\" content=\"https:\/\/carmalux.com\/en\/imprint\/\" \/>\n<meta property=\"og:site_name\" content=\"Carma Lux d.o.o.\" \/>\n<meta property=\"article:modified_time\" content=\"2025-04-15T19:13:45+00:00\" \/>\n<meta property=\"og:image\" content=\"https:\/\/carmalux.com\/wp-content\/uploads\/2025\/04\/modern-luxury-villa-with-private-pool-for-sale-SEO-ready-carmalux.jpg\" \/>\n\t<meta property=\"og:image:width\" content=\"1920\" \/>\n\t<meta property=\"og:image:height\" content=\"1002\" \/>\n\t<meta property=\"og:image:type\" content=\"image\/jpeg\" \/>\n<meta name=\"twitter:card\" content=\"summary_large_image\" \/>\n<meta name=\"twitter:title\" content=\"Imprint - Carma Lux d.o.o. - Sektor luksuznih nekretnina i investicija\" \/>\n<meta name=\"twitter:description\" content=\"Imprint vezan za Carma Lux kompaniju. Carma Lux je stru\u010dni tim sa vi\u0161egodi\u0161njim iskustvom u sektoru luksuznih nekretnina-\" \/>\n<meta name=\"twitter:image\" content=\"https:\/\/carmalux.com\/wp-content\/uploads\/2025\/04\/modern-luxury-villa-with-private-pool-for-sale-SEO-ready-carmalux.jpg\" \/>\n<meta name=\"twitter:label1\" content=\"Est. reading time\" \/>\n\t<meta name=\"twitter:data1\" content=\"1 minute\" \/>\n<script type=\"application\/ld+json\" class=\"yoast-schema-graph\">{\"@context\":\"https:\\\/\\\/schema.org\",\"@graph\":[{\"@type\":\"WebPage\",\"@id\":\"https:\\\/\\\/carmalux.com\\\/imprint\\\/\",\"url\":\"https:\\\/\\\/carmalux.com\\\/imprint\\\/\",\"name\":\"Imprint - Carma Lux d.o.o. - Sektor luksuznih nekretnina i investicija\",\"isPartOf\":{\"@id\":\"https:\\\/\\\/carmalux.com\\\/#website\"},\"primaryImageOfPage\":{\"@id\":\"https:\\\/\\\/carmalux.com\\\/imprint\\\/#primaryimage\"},\"image\":{\"@id\":\"https:\\\/\\\/carmalux.com\\\/imprint\\\/#primaryimage\"},\"thumbnailUrl\":\"https:\\\/\\\/carmalux.com\\\/wp-content\\\/uploads\\\/2025\\\/04\\\/modern-luxury-villa-with-private-pool-for-sale-SEO-ready-carmalux.jpg\",\"datePublished\":\"2025-04-14T20:07:54+00:00\",\"dateModified\":\"2025-04-15T19:13:45+00:00\",\"description\":\"Imprint vezan za Carma Lux kompaniju. Carma Lux je stru\u010dni tim sa vi\u0161egodi\u0161njim iskustvom u sektoru luksuznih nekretnina-\",\"breadcrumb\":{\"@id\":\"https:\\\/\\\/carmalux.com\\\/imprint\\\/#breadcrumb\"},\"inLanguage\":\"en-US\",\"potentialAction\":[{\"@type\":\"ReadAction\",\"target\":[\"https:\\\/\\\/carmalux.com\\\/imprint\\\/\"]}]},{\"@type\":\"ImageObject\",\"inLanguage\":\"en-US\",\"@id\":\"https:\\\/\\\/carmalux.com\\\/imprint\\\/#primaryimage\",\"url\":\"https:\\\/\\\/carmalux.com\\\/wp-content\\\/uploads\\\/2025\\\/04\\\/modern-luxury-villa-with-private-pool-for-sale-SEO-ready-carmalux.jpg\",\"contentUrl\":\"https:\\\/\\\/carmalux.com\\\/wp-content\\\/uploads\\\/2025\\\/04\\\/modern-luxury-villa-with-private-pool-for-sale-SEO-ready-carmalux.jpg\",\"width\":1920,\"height\":1002},{\"@type\":\"BreadcrumbList\",\"@id\":\"https:\\\/\\\/carmalux.com\\\/imprint\\\/#breadcrumb\",\"itemListElement\":[{\"@type\":\"ListItem\",\"position\":1,\"name\":\"Home\",\"item\":\"https:\\\/\\\/carmalux.com\\\/\"},{\"@type\":\"ListItem\",\"position\":2,\"name\":\"Imprint\"}]},{\"@type\":\"WebSite\",\"@id\":\"https:\\\/\\\/carmalux.com\\\/#website\",\"url\":\"https:\\\/\\\/carmalux.com\\\/\",\"name\":\"Carma Lux d.o.o. - Luxury that grows\",\"description\":\"Luxury that grows\",\"publisher\":{\"@id\":\"https:\\\/\\\/carmalux.com\\\/#organization\"},\"potentialAction\":[{\"@type\":\"SearchAction\",\"target\":{\"@type\":\"EntryPoint\",\"urlTemplate\":\"https:\\\/\\\/carmalux.com\\\/?s={search_term_string}\"},\"query-input\":{\"@type\":\"PropertyValueSpecification\",\"valueRequired\":true,\"valueName\":\"search_term_string\"}}],\"inLanguage\":\"en-US\"},{\"@type\":\"Organization\",\"@id\":\"https:\\\/\\\/carmalux.com\\\/#organization\",\"name\":\"Carma Lux d.o.o.\",\"url\":\"https:\\\/\\\/carmalux.com\\\/\",\"logo\":{\"@type\":\"ImageObject\",\"inLanguage\":\"en-US\",\"@id\":\"https:\\\/\\\/carmalux.com\\\/#\\\/schema\\\/logo\\\/image\\\/\",\"url\":\"https:\\\/\\\/carmalux.com\\\/wp-content\\\/uploads\\\/2025\\\/03\\\/Carma-Lux-Logo-Dark-Gold-Transparent-Retina.png\",\"contentUrl\":\"https:\\\/\\\/carmalux.com\\\/wp-content\\\/uploads\\\/2025\\\/03\\\/Carma-Lux-Logo-Dark-Gold-Transparent-Retina.png\",\"width\":339,\"height\":120,\"caption\":\"Carma Lux d.o.o.\"},\"image\":{\"@id\":\"https:\\\/\\\/carmalux.com\\\/#\\\/schema\\\/logo\\\/image\\\/\"}}]}<\/script>\n<!-- \/ Yoast SEO plugin. -->","yoast_head_json":{"title":"Imprint - Carma Lux d.o.o. - Sektor luksuznih nekretnina i investicija","description":"Imprint vezan za Carma Lux kompaniju. Carma Lux je stru\u010dni tim sa vi\u0161egodi\u0161njim iskustvom u sektoru luksuznih nekretnina-","robots":{"index":"index","follow":"follow","max-snippet":"max-snippet:-1","max-image-preview":"max-image-preview:large","max-video-preview":"max-video-preview:-1"},"canonical":"https:\/\/carmalux.com\/en\/imprint\/","og_locale":"en_US","og_type":"article","og_title":"Imprint - Carma Lux d.o.o. - Sektor luksuznih nekretnina i investicija","og_description":"Imprint vezan za Carma Lux kompaniju. Carma Lux je stru\u010dni tim sa vi\u0161egodi\u0161njim iskustvom u sektoru luksuznih nekretnina-","og_url":"https:\/\/carmalux.com\/en\/imprint\/","og_site_name":"Carma Lux d.o.o.","article_modified_time":"2025-04-15T19:13:45+00:00","og_image":[{"width":1920,"height":1002,"url":"https:\/\/carmalux.com\/wp-content\/uploads\/2025\/04\/modern-luxury-villa-with-private-pool-for-sale-SEO-ready-carmalux.jpg","type":"image\/jpeg"}],"twitter_card":"summary_large_image","twitter_title":"Imprint - Carma Lux d.o.o. - Sektor luksuznih nekretnina i investicija","twitter_description":"Imprint vezan za Carma Lux kompaniju. Carma Lux je stru\u010dni tim sa vi\u0161egodi\u0161njim iskustvom u sektoru luksuznih nekretnina-","twitter_image":"https:\/\/carmalux.com\/wp-content\/uploads\/2025\/04\/modern-luxury-villa-with-private-pool-for-sale-SEO-ready-carmalux.jpg","twitter_misc":{"Est. reading time":"1 minute"},"schema":{"@context":"https:\/\/schema.org","@graph":[{"@type":"WebPage","@id":"https:\/\/carmalux.com\/imprint\/","url":"https:\/\/carmalux.com\/imprint\/","name":"Imprint - Carma Lux d.o.o. - Sektor luksuznih nekretnina i investicija","isPartOf":{"@id":"https:\/\/carmalux.com\/#website"},"primaryImageOfPage":{"@id":"https:\/\/carmalux.com\/imprint\/#primaryimage"},"image":{"@id":"https:\/\/carmalux.com\/imprint\/#primaryimage"},"thumbnailUrl":"https:\/\/carmalux.com\/wp-content\/uploads\/2025\/04\/modern-luxury-villa-with-private-pool-for-sale-SEO-ready-carmalux.jpg","datePublished":"2025-04-14T20:07:54+00:00","dateModified":"2025-04-15T19:13:45+00:00","description":"Imprint vezan za Carma Lux kompaniju. Carma Lux je stru\u010dni tim sa vi\u0161egodi\u0161njim iskustvom u sektoru luksuznih nekretnina-","breadcrumb":{"@id":"https:\/\/carmalux.com\/imprint\/#breadcrumb"},"inLanguage":"en-US","potentialAction":[{"@type":"ReadAction","target":["https:\/\/carmalux.com\/imprint\/"]}]},{"@type":"ImageObject","inLanguage":"en-US","@id":"https:\/\/carmalux.com\/imprint\/#primaryimage","url":"https:\/\/carmalux.com\/wp-content\/uploads\/2025\/04\/modern-luxury-villa-with-private-pool-for-sale-SEO-ready-carmalux.jpg","contentUrl":"https:\/\/carmalux.com\/wp-content\/uploads\/2025\/04\/modern-luxury-villa-with-private-pool-for-sale-SEO-ready-carmalux.jpg","width":1920,"height":1002},{"@type":"BreadcrumbList","@id":"https:\/\/carmalux.com\/imprint\/#breadcrumb","itemListElement":[{"@type":"ListItem","position":1,"name":"Home","item":"https:\/\/carmalux.com\/"},{"@type":"ListItem","position":2,"name":"Imprint"}]},{"@type":"WebSite","@id":"https:\/\/carmalux.com\/#website","url":"https:\/\/carmalux.com\/","name":"Carma Lux d.o.o. - Luxury that grows","description":"Luxury that grows","publisher":{"@id":"https:\/\/carmalux.com\/#organization"},"potentialAction":[{"@type":"SearchAction","target":{"@type":"EntryPoint","urlTemplate":"https:\/\/carmalux.com\/?s={search_term_string}"},"query-input":{"@type":"PropertyValueSpecification","valueRequired":true,"valueName":"search_term_string"}}],"inLanguage":"en-US"},{"@type":"Organization","@id":"https:\/\/carmalux.com\/#organization","name":"Carma Lux d.o.o.","url":"https:\/\/carmalux.com\/","logo":{"@type":"ImageObject","inLanguage":"en-US","@id":"https:\/\/carmalux.com\/#\/schema\/logo\/image\/","url":"https:\/\/carmalux.com\/wp-content\/uploads\/2025\/03\/Carma-Lux-Logo-Dark-Gold-Transparent-Retina.png","contentUrl":"https:\/\/carmalux.com\/wp-content\/uploads\/2025\/03\/Carma-Lux-Logo-Dark-Gold-Transparent-Retina.png","width":339,"height":120,"caption":"Carma Lux d.o.o."},"image":{"@id":"https:\/\/carmalux.com\/#\/schema\/logo\/image\/"}}]}},"_links":{"self":[{"href":"https:\/\/carmalux.com\/en\/wp-json\/wp\/v2\/pages\/582","targetHints":{"allow":["GET"]}}],"collection":[{"href":"https:\/\/carmalux.com\/en\/wp-json\/wp\/v2\/pages"}],"about":[{"href":"https:\/\/carmalux.com\/en\/wp-json\/wp\/v2\/types\/page"}],"author":[{"embeddable":true,"href":"https:\/\/carmalux.com\/en\/wp-json\/wp\/v2\/users\/1"}],"replies":[{"embeddable":true,"href":"https:\/\/carmalux.com\/en\/wp-json\/wp\/v2\/comments?post=582"}],"version-history":[{"count":5,"href":"https:\/\/carmalux.com\/en\/wp-json\/wp\/v2\/pages\/582\/revisions"}],"predecessor-version":[{"id":602,"href":"https:\/\/carmalux.com\/en\/wp-json\/wp\/v2\/pages\/582\/revisions\/602"}],"wp:featuredmedia":[{"embeddable":true,"href":"https:\/\/carmalux.com\/en\/wp-json\/wp\/v2\/media\/605"}],"wp:attachment":[{"href":"https:\/\/carmalux.com\/en\/wp-json\/wp\/v2\/media?parent=582"}],"curies":[{"name":"wp","href":"https:\/\/api.w.org\/{rel}","templated":true}]}}