{"id":584,"date":"2025-04-14T20:08:15","date_gmt":"2025-04-14T20:08:15","guid":{"rendered":"https:\/\/carmalux.com\/?page_id=584"},"modified":"2025-04-15T19:49:58","modified_gmt":"2025-04-15T19:49:58","slug":"disclaimer","status":"publish","type":"page","link":"https:\/\/carmalux.com\/en\/disclaimer\/","title":{"rendered":"Disclaimer"},"content":{"rendered":"<p><strong>The information contained on this website is for informational purposes only.<\/strong><br>Carma Lux d.o.o. endeavours to ensure that all information on the site is accurate and up-to-date, but makes no warranties as to the completeness, accuracy, reliability or availability of any content displayed on this website.<\/p>\n\n\n\n<p><strong>Advisory services and content<\/strong><br>Carma Lux d.o.o. offers consulting services related to real estate investments. However, the information available through this site does not constitute legal, financial or professional advice. Users are recommended to consult with experts before making important decisions.<\/p>\n\n\n\n<p><strong>Responsibility for the use of the website<\/strong><br>By using this website, the user accepts that Carma Lux d.o.o. is not responsible for any direct or indirect damages that may arise from the use of the content or services listed on the site.<\/p>\n\n\n\n<p><strong>Sales and services<\/strong><br>Carma Lux d.o.o. offers transport services and mediation in the sale of real estate. All service descriptions and\/or offers are subject to change without prior notice. Carma Lux d.o.o. reserves the right to modify, suspend or discontinue any part of its offer at any time.<\/p>","protected":false},"excerpt":{"rendered":"<p>Informacije sadr\u017eane na ovoj web stranici slu\u017ee isklju\u010divo u informativne svrhe.Carma Lux d.o.o. nastoji osigurati da su sve informacije na stranici ta\u010dne i a\u017eurne, ali ne daje nikakve garancije u&#8230;<\/p>","protected":false},"author":1,"featured_media":0,"parent":0,"menu_order":0,"comment_status":"closed","ping_status":"closed","template":"","meta":{"footnotes":""},"class_list":["post-584","page","type-page","status-publish"],"yoast_head":"<!-- This site is optimized with the Yoast SEO plugin v27.5 - https:\/\/yoast.com\/product\/yoast-seo-wordpress\/ -->\n<title>Disclaimer - Carma Lux d.o.o. - Luxury that grows<\/title>\n<meta name=\"description\" content=\"Informacije sadr\u017eane na ovoj web stranici slu\u017ee isklju\u010divo u informativne svrhe. Carma Lux d.o.o. ima svoj disclaimer.\" \/>\n<meta name=\"robots\" content=\"index, follow, max-snippet:-1, max-image-preview:large, max-video-preview:-1\" \/>\n<link rel=\"canonical\" href=\"https:\/\/carmalux.com\/en\/disclaimer\/\" \/>\n<meta property=\"og:locale\" content=\"en_US\" \/>\n<meta property=\"og:type\" content=\"article\" \/>\n<meta property=\"og:title\" content=\"Disclaimer - Carma Lux d.o.o. - Luxury that grows\" \/>\n<meta property=\"og:description\" content=\"Informacije sadr\u017eane na ovoj web stranici slu\u017ee isklju\u010divo u informativne svrhe. Carma Lux d.o.o. ima svoj disclaimer.\" \/>\n<meta property=\"og:url\" content=\"https:\/\/carmalux.com\/en\/disclaimer\/\" \/>\n<meta property=\"og:site_name\" content=\"Carma Lux d.o.o.\" \/>\n<meta property=\"article:modified_time\" content=\"2025-04-15T19:49:58+00:00\" \/>\n<meta property=\"og:image\" content=\"https:\/\/carmalux.com\/wp-content\/uploads\/2025\/04\/modern-luxury-villa-with-private-pool-for-sale-SEO-ready-carmalux.jpg\" \/>\n\t<meta property=\"og:image:width\" content=\"1920\" \/>\n\t<meta property=\"og:image:height\" content=\"1002\" \/>\n\t<meta property=\"og:image:type\" content=\"image\/jpeg\" \/>\n<meta name=\"twitter:card\" content=\"summary_large_image\" \/>\n<meta name=\"twitter:title\" content=\"Disclaimer - Carma Lux d.o.o. - Luxury that grows\" \/>\n<meta name=\"twitter:description\" content=\"Informacije sadr\u017eane na ovoj web stranici slu\u017ee isklju\u010divo u informativne svrhe. Carma Lux d.o.o. ima svoj disclaimer.\" \/>\n<meta name=\"twitter:image\" content=\"https:\/\/carmalux.com\/wp-content\/uploads\/2025\/04\/modern-luxury-villa-with-private-pool-for-sale-SEO-ready-carmalux.jpg\" \/>\n<meta name=\"twitter:label1\" content=\"Est. reading time\" \/>\n\t<meta name=\"twitter:data1\" content=\"1 minute\" \/>\n<script type=\"application\/ld+json\" class=\"yoast-schema-graph\">{\"@context\":\"https:\\\/\\\/schema.org\",\"@graph\":[{\"@type\":\"WebPage\",\"@id\":\"https:\\\/\\\/carmalux.com\\\/disclaimer\\\/\",\"url\":\"https:\\\/\\\/carmalux.com\\\/disclaimer\\\/\",\"name\":\"Disclaimer - Carma Lux d.o.o. - Luxury that grows\",\"isPartOf\":{\"@id\":\"https:\\\/\\\/carmalux.com\\\/#website\"},\"datePublished\":\"2025-04-14T20:08:15+00:00\",\"dateModified\":\"2025-04-15T19:49:58+00:00\",\"description\":\"Informacije sadr\u017eane na ovoj web stranici slu\u017ee isklju\u010divo u informativne svrhe. Carma Lux d.o.o. ima svoj disclaimer.\",\"breadcrumb\":{\"@id\":\"https:\\\/\\\/carmalux.com\\\/disclaimer\\\/#breadcrumb\"},\"inLanguage\":\"en-US\",\"potentialAction\":[{\"@type\":\"ReadAction\",\"target\":[\"https:\\\/\\\/carmalux.com\\\/disclaimer\\\/\"]}]},{\"@type\":\"BreadcrumbList\",\"@id\":\"https:\\\/\\\/carmalux.com\\\/disclaimer\\\/#breadcrumb\",\"itemListElement\":[{\"@type\":\"ListItem\",\"position\":1,\"name\":\"Home\",\"item\":\"https:\\\/\\\/carmalux.com\\\/\"},{\"@type\":\"ListItem\",\"position\":2,\"name\":\"Disclaimer\"}]},{\"@type\":\"WebSite\",\"@id\":\"https:\\\/\\\/carmalux.com\\\/#website\",\"url\":\"https:\\\/\\\/carmalux.com\\\/\",\"name\":\"Carma Lux d.o.o. - Luxury that grows\",\"description\":\"Luxury that grows\",\"publisher\":{\"@id\":\"https:\\\/\\\/carmalux.com\\\/#organization\"},\"potentialAction\":[{\"@type\":\"SearchAction\",\"target\":{\"@type\":\"EntryPoint\",\"urlTemplate\":\"https:\\\/\\\/carmalux.com\\\/?s={search_term_string}\"},\"query-input\":{\"@type\":\"PropertyValueSpecification\",\"valueRequired\":true,\"valueName\":\"search_term_string\"}}],\"inLanguage\":\"en-US\"},{\"@type\":\"Organization\",\"@id\":\"https:\\\/\\\/carmalux.com\\\/#organization\",\"name\":\"Carma Lux d.o.o.\",\"url\":\"https:\\\/\\\/carmalux.com\\\/\",\"logo\":{\"@type\":\"ImageObject\",\"inLanguage\":\"en-US\",\"@id\":\"https:\\\/\\\/carmalux.com\\\/#\\\/schema\\\/logo\\\/image\\\/\",\"url\":\"https:\\\/\\\/carmalux.com\\\/wp-content\\\/uploads\\\/2025\\\/03\\\/Carma-Lux-Logo-Dark-Gold-Transparent-Retina.png\",\"contentUrl\":\"https:\\\/\\\/carmalux.com\\\/wp-content\\\/uploads\\\/2025\\\/03\\\/Carma-Lux-Logo-Dark-Gold-Transparent-Retina.png\",\"width\":339,\"height\":120,\"caption\":\"Carma Lux d.o.o.\"},\"image\":{\"@id\":\"https:\\\/\\\/carmalux.com\\\/#\\\/schema\\\/logo\\\/image\\\/\"}}]}<\/script>\n<!-- \/ Yoast SEO plugin. -->","yoast_head_json":{"title":"Disclaimer - Carma Lux d.o.o. - Luxury that grows","description":"Informacije sadr\u017eane na ovoj web stranici slu\u017ee isklju\u010divo u informativne svrhe. Carma Lux d.o.o. ima svoj disclaimer.","robots":{"index":"index","follow":"follow","max-snippet":"max-snippet:-1","max-image-preview":"max-image-preview:large","max-video-preview":"max-video-preview:-1"},"canonical":"https:\/\/carmalux.com\/en\/disclaimer\/","og_locale":"en_US","og_type":"article","og_title":"Disclaimer - Carma Lux d.o.o. - Luxury that grows","og_description":"Informacije sadr\u017eane na ovoj web stranici slu\u017ee isklju\u010divo u informativne svrhe. Carma Lux d.o.o. ima svoj disclaimer.","og_url":"https:\/\/carmalux.com\/en\/disclaimer\/","og_site_name":"Carma Lux d.o.o.","article_modified_time":"2025-04-15T19:49:58+00:00","og_image":[{"width":1920,"height":1002,"url":"https:\/\/carmalux.com\/wp-content\/uploads\/2025\/04\/modern-luxury-villa-with-private-pool-for-sale-SEO-ready-carmalux.jpg","type":"image\/jpeg"}],"twitter_card":"summary_large_image","twitter_title":"Disclaimer - Carma Lux d.o.o. - Luxury that grows","twitter_description":"Informacije sadr\u017eane na ovoj web stranici slu\u017ee isklju\u010divo u informativne svrhe. Carma Lux d.o.o. ima svoj disclaimer.","twitter_image":"https:\/\/carmalux.com\/wp-content\/uploads\/2025\/04\/modern-luxury-villa-with-private-pool-for-sale-SEO-ready-carmalux.jpg","twitter_misc":{"Est. reading time":"1 minute"},"schema":{"@context":"https:\/\/schema.org","@graph":[{"@type":"WebPage","@id":"https:\/\/carmalux.com\/disclaimer\/","url":"https:\/\/carmalux.com\/disclaimer\/","name":"Disclaimer - Carma Lux d.o.o. - Luxury that grows","isPartOf":{"@id":"https:\/\/carmalux.com\/#website"},"datePublished":"2025-04-14T20:08:15+00:00","dateModified":"2025-04-15T19:49:58+00:00","description":"Informacije sadr\u017eane na ovoj web stranici slu\u017ee isklju\u010divo u informativne svrhe. Carma Lux d.o.o. ima svoj disclaimer.","breadcrumb":{"@id":"https:\/\/carmalux.com\/disclaimer\/#breadcrumb"},"inLanguage":"en-US","potentialAction":[{"@type":"ReadAction","target":["https:\/\/carmalux.com\/disclaimer\/"]}]},{"@type":"BreadcrumbList","@id":"https:\/\/carmalux.com\/disclaimer\/#breadcrumb","itemListElement":[{"@type":"ListItem","position":1,"name":"Home","item":"https:\/\/carmalux.com\/"},{"@type":"ListItem","position":2,"name":"Disclaimer"}]},{"@type":"WebSite","@id":"https:\/\/carmalux.com\/#website","url":"https:\/\/carmalux.com\/","name":"Carma Lux d.o.o. - Luxury that grows","description":"Luxury that grows","publisher":{"@id":"https:\/\/carmalux.com\/#organization"},"potentialAction":[{"@type":"SearchAction","target":{"@type":"EntryPoint","urlTemplate":"https:\/\/carmalux.com\/?s={search_term_string}"},"query-input":{"@type":"PropertyValueSpecification","valueRequired":true,"valueName":"search_term_string"}}],"inLanguage":"en-US"},{"@type":"Organization","@id":"https:\/\/carmalux.com\/#organization","name":"Carma Lux d.o.o.","url":"https:\/\/carmalux.com\/","logo":{"@type":"ImageObject","inLanguage":"en-US","@id":"https:\/\/carmalux.com\/#\/schema\/logo\/image\/","url":"https:\/\/carmalux.com\/wp-content\/uploads\/2025\/03\/Carma-Lux-Logo-Dark-Gold-Transparent-Retina.png","contentUrl":"https:\/\/carmalux.com\/wp-content\/uploads\/2025\/03\/Carma-Lux-Logo-Dark-Gold-Transparent-Retina.png","width":339,"height":120,"caption":"Carma Lux d.o.o."},"image":{"@id":"https:\/\/carmalux.com\/#\/schema\/logo\/image\/"}}]}},"_links":{"self":[{"href":"https:\/\/carmalux.com\/en\/wp-json\/wp\/v2\/pages\/584","targetHints":{"allow":["GET"]}}],"collection":[{"href":"https:\/\/carmalux.com\/en\/wp-json\/wp\/v2\/pages"}],"about":[{"href":"https:\/\/carmalux.com\/en\/wp-json\/wp\/v2\/types\/page"}],"author":[{"embeddable":true,"href":"https:\/\/carmalux.com\/en\/wp-json\/wp\/v2\/users\/1"}],"replies":[{"embeddable":true,"href":"https:\/\/carmalux.com\/en\/wp-json\/wp\/v2\/comments?post=584"}],"version-history":[{"count":5,"href":"https:\/\/carmalux.com\/en\/wp-json\/wp\/v2\/pages\/584\/revisions"}],"predecessor-version":[{"id":611,"href":"https:\/\/carmalux.com\/en\/wp-json\/wp\/v2\/pages\/584\/revisions\/611"}],"wp:attachment":[{"href":"https:\/\/carmalux.com\/en\/wp-json\/wp\/v2\/media?parent=584"}],"curies":[{"name":"wp","href":"https:\/\/api.w.org\/{rel}","templated":true}]}}